{"id":1162,"date":"2018-07-16T10:09:17","date_gmt":"2018-07-16T10:09:17","guid":{"rendered":"http:\/\/spanishaurum.com\/?page_id=1162"},"modified":"2020-12-03T11:26:30","modified_gmt":"2020-12-03T11:26:30","slug":"import-products","status":"publish","type":"page","link":"http:\/\/spanishaurum.com\/es\/import-products\/","title":{"rendered":"Productos de importaci\u00f3n"},"content":{"rendered":"<section class=\"wpb-content-wrapper\"><p>[vc_row full_width=&#8221;stretch_row&#8221; css=&#8221;.vc_custom_1531739434079{padding-top: 100px !important;padding-bottom: 100px !important;background-image: url(http:\/\/spanishaurum.com\/wp-content\/uploads\/2018\/07\/banner_dates.jpg?id=1172) !important;background-position: center !important;background-repeat: no-repeat !important;background-size: cover !important;}&#8221;][vc_column][\/vc_column][\/vc_row][vc_row inverse=&#8221;&#8221; el_class=&#8221;products&#8221; css=&#8221;.vc_custom_1531741358372{padding-top: 40px !important;padding-bottom: 80px !important;}&#8221;][vc_column]<div class=\"sc_section\"><div class=\"sc_section_inner\"><div class=\"sc_section_content_wrap\"><h2 class=\"sc_title sc_title_regular sc_align_center\" style=\"text-align:center;\">D\u00e1tiles de Bam<\/h2><div class=\"columns_wrap sc_columns columns_nofluid sc_columns_count_2\"><div class=\"column-1_2 sc_column_item sc_column_item_1 odd first\">[vc_column_text]<\/p>\n<p class=\"p1\">D\u00e1tiles Bam crudos, no pasteurizados, procedentes de agricultura tradicional. Bam es una conocida ciudad iran\u00ed donde se cultivan los d\u00e1tiles m\u00e1s deliciosos y jugosos del planeta, los d\u00e1tiles Mazafati, exclusivos de esta singular zona clim\u00e1tica y \u00fanicos porque conservan sus caracter\u00edsticas durante largo tiempo sin perder sus cualidades. Es un d\u00e1til de mediano tama\u00f1o, de forma chata y redondeada, con un color de piel muy oscuro y brillante, casi negro.<\/p>\n<p>Los d\u00e1tiles tienen propiedades organol\u00e9pticas y en ellos encontraremos hierro, magnesio, zinc, cobre, potasio, calcio, manganeso, vitamina B3 y provitamina A o betacaroteno. Estamos ante una fuente indiscutible de energ\u00eda y fibra que nos ayudar\u00e1 a mejorar el tr\u00e1nsito intestinal y los problemas de anemia. Esta fruta act\u00faa, asimismo, como reconstituyente f\u00edsico, es nuestra mejor aliada cuando se ejerce un esfuerzo intelectual extra y puede contribuir a mejorar nuestra salud en episodios de inapetencia, afecciones estomacales o catarro.[\/vc_column_text]<\/div><div class=\"column-1_2 sc_column_item sc_column_item_2 even\" style=\"color:#ffffff;\"><div class=\"sc_column_item_inner\" style=\"background-color:#3f4308;\">[vc_row_inner][vc_column_inner][vc_column_text]<\/p>\n<ul>\n<li>Valor nutricional\u00a0(100 grs.):<\/li>\n<\/ul>\n<p>[\/vc_column_text][\/vc_column_inner][\/vc_row_inner][vc_row_inner][vc_column_inner width=&#8221;1\/3&#8243;][vc_column_text]<\/p>\n<p style=\"text-align: left;\">Carbohidratos<br \/>\nProte\u00ednas<br \/>\nColesterol<br \/>\nFibra<br \/>\nVitamina A<br \/>\nVitamina K<br \/>\nNiacina<br \/>\nVitamina B<br \/>\nFolato<br \/>\nCalcio<br \/>\nHierro<br \/>\nF\u00f3sforo<br \/>\nMagnesio<br \/>\nZinc<br \/>\nCobre<br \/>\nManganeso<\/p>\n<p>[\/vc_column_text][\/vc_column_inner][vc_column_inner width=&#8221;1\/2&#8243;][vc_column_text]<\/p>\n<p style=\"text-align: left;\">18 mg.<br \/>\n04 mg.<br \/>\n0 mg.<br \/>\n1,6 mg.<br \/>\n35,8 IU.<br \/>\n0,6 mcg.<br \/>\n0,4 mg.<br \/>\n60,1 mg<br \/>\n3,6 mcg.<br \/>\n15,4 mg.<br \/>\n0,2 mg.<br \/>\n14,9 mg.<br \/>\n13 mg.<br \/>\n0,1 mg.<br \/>\n0,1 mg<br \/>\n2 mg.<\/p>\n<p>[\/vc_column_text][\/vc_column_inner][\/vc_row_inner][vc_empty_space height=&#8221;12px&#8221;][vc_column_text]<\/p>\n<ul>\n<li class=\"p1\">Caducidad: Dos a\u00f1os desde la fecha de producci\u00f3n indicada en la caja.<\/li>\n<li class=\"p1\" style=\"text-align: left;\">Packaging:<br \/>\n&#8211; Cajas de 12 paquetes herm\u00e9ticos de 600 grs.<br \/>\n&#8211; Cajas de 20 paquetes herm\u00e9ticos de 350 grs.<\/li>\n<\/ul>\n<p>[\/vc_column_text]<\/div><\/div><\/div><\/div><\/div><\/div>[\/vc_column][\/vc_row][vc_row full_width=&#8221;stretch_row&#8221; css=&#8221;.vc_custom_1531741297674{padding-top: 100px !important;padding-bottom: 100px !important;background-image: url(http:\/\/spanishaurum.com\/wp-content\/uploads\/2018\/07\/banner_saffron.jpg?id=1174) !important;background-position: center !important;background-repeat: no-repeat !important;background-size: cover !important;}&#8221;][vc_column][\/vc_column][\/vc_row][vc_row inverse=&#8221;&#8221; el_class=&#8221;products&#8221; css=&#8221;.vc_custom_1531741358372{padding-top: 40px !important;padding-bottom: 80px !important;}&#8221;][vc_column]<div class=\"sc_section\"><div class=\"sc_section_inner\"><div class=\"sc_section_content_wrap\"><h2 class=\"sc_title sc_title_regular sc_align_center\" style=\"text-align:center;\">Azafr\u00e1n iran\u00ed<\/h2><div class=\"columns_wrap sc_columns columns_nofluid sc_columns_count_2\"><div class=\"column-1_2 sc_column_item sc_column_item_1 odd first\">[vc_column_text]El azafr\u00e1n, el &#8220;oro rojo&#8221; de oriente, comenz\u00f3 a cultivarse hace 4000 a\u00f1os en Persia, desde donde se expandi\u00f3 al resto del mundo. En una mezcla de las mejores tradiciones de cultivo y selecci\u00f3n y las m\u00e1s avanzadas tecnolog\u00edas de an\u00e1lisis, tratamiento y envasado, la prestigiosa marca iran\u00ed Bahraman,\u00a0instalada en la mejor regi\u00f3n de producci\u00f3n de azafr\u00e1n de Ir\u00e1n, consigue la mejor relaci\u00f3n calidad precio del mercado, en un producto garantizado y sin dudas sobre su manipulaci\u00f3n y origen. Cumplen todas las normativas internacionales: <strong>ISO-3632 y sucesivas. Certificados FDA (USA), Certificado Internacional HACCP e ISO 9001.<\/strong> Disponemos de los documentos de certificaciones, garant\u00eda de origen y an\u00e1lisis, para el cliente que las solicite.[\/vc_column_text]<\/div><div class=\"column-1_2 sc_column_item sc_column_item_2 even\" style=\"color:#ffffff;\"><div class=\"sc_column_item_inner\" style=\"background-color:#3f4308;\">[vc_column_text]<\/p>\n<ul>\n<li class=\"p1\">Tipos de azafr\u00e1n:<br \/>\n&#8211; Tod Neghin (crocina 250), considerado el mejor azafr\u00e1n del mundo.<br \/>\n&#8211; Sargol All red (crocina 220). Completamente rojo.<br \/>\n&#8211; Pushali grade1 (crocina 200). Mejor relaci\u00f3n calidad precio del mercado.<br \/>\n&#8211; Molido (crocina 220). Diferentes tipos<\/li>\n<\/ul>\n<ul>\n<li class=\"p1\" style=\"text-align: left;\">Packaging:<br \/>\n&#8211; En cajas de metal herm\u00e9ticas, con visor opcional. 250 y 500 grs.<br \/>\n&#8211; Pedido m\u00ednimo: 250 grs.<\/li>\n<li class=\"p1\" style=\"text-align: left;\"><em>Calidad garantizada: Todo el azafr\u00e1n viene envasado de origen, en el lugar de producci\u00f3n.<\/em><\/li>\n<\/ul>\n<p>[\/vc_column_text]<\/div><\/div><\/div><\/div><\/div><\/div>[\/vc_column][\/vc_row][vc_row full_width=&#8221;stretch_row&#8221; el_id=&#8221;bg_bottom_company&#8221; css=&#8221;.vc_custom_1531743358979{padding-top: 10px !important;padding-bottom: 300px !important;background-image: url(http:\/\/spanishaurum.com\/wp-content\/uploads\/2016\/06\/bg_bottom_company-1.jpg?id=882) !important;background-position: center !important;background-repeat: no-repeat !important;background-size: contain !important;}&#8221;][vc_column][\/vc_column][\/vc_row]<\/p>\n<\/section>","protected":false},"excerpt":{"rendered":"<p>[vc_row full_width=&#8221;stretch_row&#8221; css=&#8221;.vc_custom_1531739434079{padding-top: 100px !important;padding-bottom: 100px !important;background-image: url(http:\/\/spanishaurum.com\/wp-content\/uploads\/2018\/07\/banner_dates.jpg?id=1172) !important;background-position: center !important;background-repeat: no-repeat !important;background-size: cover !important;}&#8221;][vc_column][\/vc_column][\/vc_row][vc_row inverse=&#8221;&#8221; el_class=&#8221;products&#8221; css=&#8221;.vc_custom_1531741358372{padding-top: 40px !important;padding-bottom: 80px !important;}&#8221;][vc_column][\/vc_column][\/vc_row][vc_row full_width=&#8221;stretch_row&#8221; css=&#8221;.vc_custom_1531741297674{padding-top: 100px !important;padding-bottom: 100px !important;background-image: url(http:\/\/spanishaurum.com\/wp-content\/uploads\/2018\/07\/banner_saffron.jpg?id=1174) !important;background-position: [&hellip;]<\/p>\n","protected":false},"author":2,"featured_media":0,"parent":0,"menu_order":0,"comment_status":"closed","ping_status":"closed","template":"","meta":[],"_links":{"self":[{"href":"http:\/\/spanishaurum.com\/es\/wp-json\/wp\/v2\/pages\/1162"}],"collection":[{"href":"http:\/\/spanishaurum.com\/es\/wp-json\/wp\/v2\/pages"}],"about":[{"href":"http:\/\/spanishaurum.com\/es\/wp-json\/wp\/v2\/types\/page"}],"author":[{"embeddable":true,"href":"http:\/\/spanishaurum.com\/es\/wp-json\/wp\/v2\/users\/2"}],"replies":[{"embeddable":true,"href":"http:\/\/spanishaurum.com\/es\/wp-json\/wp\/v2\/comments?post=1162"}],"version-history":[{"count":51,"href":"http:\/\/spanishaurum.com\/es\/wp-json\/wp\/v2\/pages\/1162\/revisions"}],"predecessor-version":[{"id":1594,"href":"http:\/\/spanishaurum.com\/es\/wp-json\/wp\/v2\/pages\/1162\/revisions\/1594"}],"wp:attachment":[{"href":"http:\/\/spanishaurum.com\/es\/wp-json\/wp\/v2\/media?parent=1162"}],"curies":[{"name":"wp","href":"https:\/\/api.w.org\/{rel}","templated":true}]}}