{"id":1229,"date":"2018-12-03T09:43:03","date_gmt":"2018-12-03T09:43:03","guid":{"rendered":"http:\/\/spanishaurum.com\/?page_id=1229"},"modified":"2019-01-22T13:02:32","modified_gmt":"2019-01-22T13:02:32","slug":"saffron","status":"publish","type":"page","link":"http:\/\/spanishaurum.com\/es\/saffron\/","title":{"rendered":"Azafr\u00e1n"},"content":{"rendered":"<section class=\"wpb-content-wrapper\"><p>[vc_row full_width=&#8221;stretch_row&#8221; inverse=&#8221;&#8221; css=&#8221;.vc_custom_1543839117572{margin-top: 0px !important;padding-top: 0px !important;background: #ffffff url(http:\/\/spanishaurum.com\/wp-content\/uploads\/2018\/12\/side_saffron-3.jpg?id=1257) !important;background-position: 0 0 !important;background-repeat: no-repeat !important;}&#8221; el_class=&#8221;laempresa&#8221; el_id=&#8221;process&#8221;][vc_column]<div class=\"sc_section margin_top_small margin_bottom_small\"><div class=\"sc_section_inner\"><div class=\"sc_section_content_wrap\"><h2 class=\"sc_title sc_title_regular sc_align_center margin_bottom_tiny\" style=\"text-align:center;color:#000000;\">El azafr\u00e1n espa\u00f1ol<\/h2><div class=\"columns_wrap sc_columns columns_nofluid sc_columns_count_2 margin_top_tiny\"><div class=\"column-1_2 sc_column_item sc_column_item_1 odd first\"><figure class=\"sc_image  alignright sc_image_shape_square margin_top_small\"><img src=\"http:\/\/spanishaurum.com\/wp-content\/uploads\/2018\/12\/saffron_jar.png\" alt=\"\" \/><\/figure><\/div><div class=\"column-1_2 sc_column_item sc_column_item_2 even\">[vc_column_text css=&#8221;.vc_custom_1548161772016{margin-top: 20px !important;}&#8221;]<\/p>\n<div class=\"page\" title=\"Page 2\">\n<div class=\"section\">\n<div class=\"layoutArea\">\n<div class=\"column\">\n<p>El <strong>azafra\u0301n espan\u0303ol<\/strong>, el llamado oro rojo de la Mancha, debido a su calidad, cuenta con el mayor reconocimiento y reputacio\u0301n en el mundo culinario.<\/p>\n<p>Sus ca\u0301nones de calidad son los que rigen el mercado, por el prestigio adquirido durante siglos.<\/p>\n<p>Spanish Aurum le ofrece un azafra\u0301n espan\u0303ol envasado, procedente en exclusiva del cultivo nacional, certificado de <strong>categori\u0301a 1<\/strong> segu\u0301n<strong> ISO 3632-2-2010<\/strong>, y con los ma\u0301s altos niveles de crocina (para garantizar que se obtiene la mejor calidad), con un precio sin competencia.<\/p>\n<p>El azafr\u00e1n procede de los estigmas de la flor Crocus sativus, y es la especia m\u00e1s cara del mundo.<br \/>\nPosee <strong>propiedades anti inflamatorias, antibacterianas, analg\u00e9sicas, digestivas, sedantes, adem\u00e1s de su alta calidad nutricional y su efecto antioxidante<\/strong>, es una fuente importante de<strong> vitaminas de los grupos A, D, C, B1, B2, B3, B6 Y B12, y de minerales como el calcio, el hierro, el magnesio, el potasio y el zinc<\/strong>.<\/p>\n<p>Es una buena forma de enriquecer la dieta con buenos nutrientes. Exquisito aderezo, enriquece los arroces, platos de legumbres, guisos de carne, pescado, o los postres, sin olvidar las infusiones de azafr\u00e1n que son perfectas para tomar a cualquier hora del d\u00eda. El azafr\u00e1n no s\u00f3lo le da color sino que potencia el aroma y sabor de los alimentos, y se recomienda infusionar para potenciar su color, su aroma y todas sus propiedades.<\/p>\n<\/div>\n<\/div>\n<\/div>\n<\/div>\n<p>[\/vc_column_text]<\/div><\/div><\/div><\/div><\/div>[\/vc_column][\/vc_row][vc_row full_width=&#8221;stretch_row&#8221; inverse=&#8221;&#8221; css=&#8221;.vc_custom_1543837147874{padding-top: 70px !important;padding-bottom: 90px !important;background-color: #4f5f3a !important;background-position: center !important;background-repeat: no-repeat !important;background-size: cover !important;}&#8221; el_id=&#8221;highlight&#8221;][vc_column][vc_single_image image=&#8221;1251&#8243; img_size=&#8221;full&#8221; alignment=&#8221;center&#8221;][vc_column_text css=&#8221;.vc_custom_1543837887814{padding-top: 10px !important;padding-bottom: 10px !important;}&#8221;]<\/p>\n<p style=\"text-align: center;\"><em>La rosa del azafr\u00e1n es una flor arrogante,<\/em><br \/>\n<em>que brota al salir al sol y muere al caer la noche<\/em><br \/>\nJacinto Guerrero<\/p>\n<p>[\/vc_column_text][\/vc_column][\/vc_row][vc_row full_width=&#8221;stretch_row&#8221; css=&#8221;.vc_custom_1508141555960{background-color: #ffffff !important;}&#8221; el_class=&#8221;laempresa&#8221;][vc_column]<div class=\"sc_section margin_top_tiny margin_bottom_medium\"><div class=\"sc_section_inner\"><div class=\"sc_section_content_wrap\"><h2 class=\"sc_title sc_title_regular sc_align_center\" style=\"text-align:center;\">Variedades<\/h2><div class=\"columns_wrap sc_columns columns_nofluid sc_columns_count_2 margin_top_small\"><div class=\"column-1_2 sc_column_item sc_column_item_1 odd first\"><figure class=\"sc_image  alignright sc_image_shape_square margin_top_null\"><img src=\"http:\/\/spanishaurum.com\/wp-content\/uploads\/2018\/12\/saffron-coupe.jpg\" alt=\"\" \/><figcaption><span><\/span> Azafr\u00e1n coupe<\/figcaption><\/figure><figure class=\"sc_image  alignright sc_image_shape_square margin_top_null\"><img src=\"http:\/\/spanishaurum.com\/wp-content\/uploads\/2018\/12\/saffron-select.jpg\" alt=\"\" \/><figcaption><span><\/span> Azafr\u00e1n selecto<\/figcaption><\/figure><\/div><div class=\"column-1_2 sc_column_item sc_column_item_2 even\">[vc_column_text]<\/p>\n<div class=\"page\" title=\"Page 2\">\n<div class=\"section\">\n<div class=\"layoutArea\">\n<div class=\"column\">\n<ul>\n<li><strong>Variedades:<\/strong> Coupe\u0301 (crocina 250) o Selecto (crocina 220).<\/li>\n<\/ul>\n<p><strong>&#8211; Azafr\u00e1n Coup\u00e9:<\/strong> Hebra cuyo estilo amarillo ha sido \u201ccortado\u201d, para obtener exclusivamente la parte de color rojo intenso, que concentra todos los principios activos. Lo mejor del azafr\u00e1n, seg\u00fan la normativa espa\u00f1ola ISO 3632.2.<\/p>\n<p><strong>&#8211; Azafr\u00e1n Selecto: <\/strong>Segunda calidad de las cinco, que seg\u00fan la normativa espa\u00f1ola, tiene el azafr\u00e1n espa\u00f1ol. Hebra con estigma rojo intenso y estilo amarillo.<\/p>\n<ul>\n<li><strong>Packaging:<\/strong>\n<ul>\n<li>Tarro de cristal de 1, 2, 5 y 10 grs.<\/li>\n<li>Caja de metal de 20 grs. y superior.<\/li>\n<\/ul>\n<\/li>\n<\/ul>\n<ul>\n<li><strong>Consejos de uso:<\/strong><\/li>\n<\/ul>\n<p><em>Conservar en un lugar fresco y seco.<\/em><br \/>\n<strong>Modo de empleo:<\/strong> Tostar o calentar las hebras de azafr\u00e1n en el microondas a m\u00e1xima potencia durante 15 segundos para potenciar su aroma. Luego molerlo y diluir en agua caliente (65\u00ba) o caldo durante al menos 20 minutos ( lo \u00f3ptimo es infusar de 8h a 24h con un m\u00ednimo de 4h para potenciar su color, su aroma y todas sus propiedades ) y a\u00f1adir al plato en preparaci\u00f3n. La infusi\u00f3n se puede conservar hasta 1 semana en el frigor\u00edfico.<\/p>\n<p><em>* Envasamos solo en cristal y metal para mantener calidad y pureza sin sabores ni olores artificiales. Pedido mi\u0301nimo: 250 grs.<\/em><\/p>\n<\/div>\n<\/div>\n<\/div>\n<\/div>\n<p>[\/vc_column_text]<\/div><\/div><\/div><\/div><\/div>[\/vc_column][\/vc_row]<\/p>\n<\/section>","protected":false},"excerpt":{"rendered":"<p>[vc_row full_width=&#8221;stretch_row&#8221; inverse=&#8221;&#8221; css=&#8221;.vc_custom_1543839117572{margin-top: 0px !important;padding-top: 0px !important;background: #ffffff url(http:\/\/spanishaurum.com\/wp-content\/uploads\/2018\/12\/side_saffron-3.jpg?id=1257) !important;background-position: 0 0 !important;background-repeat: no-repeat !important;}&#8221; el_class=&#8221;laempresa&#8221; el_id=&#8221;process&#8221;][vc_column][\/vc_column][\/vc_row][vc_row full_width=&#8221;stretch_row&#8221; inverse=&#8221;&#8221; css=&#8221;.vc_custom_1543837147874{padding-top: 70px !important;padding-bottom: 90px !important;background-color: #4f5f3a !important;background-position: center !important;background-repeat: no-repeat [&hellip;]<\/p>\n","protected":false},"author":2,"featured_media":0,"parent":0,"menu_order":0,"comment_status":"closed","ping_status":"closed","template":"","meta":[],"_links":{"self":[{"href":"http:\/\/spanishaurum.com\/es\/wp-json\/wp\/v2\/pages\/1229"}],"collection":[{"href":"http:\/\/spanishaurum.com\/es\/wp-json\/wp\/v2\/pages"}],"about":[{"href":"http:\/\/spanishaurum.com\/es\/wp-json\/wp\/v2\/types\/page"}],"author":[{"embeddable":true,"href":"http:\/\/spanishaurum.com\/es\/wp-json\/wp\/v2\/users\/2"}],"replies":[{"embeddable":true,"href":"http:\/\/spanishaurum.com\/es\/wp-json\/wp\/v2\/comments?post=1229"}],"version-history":[{"count":33,"href":"http:\/\/spanishaurum.com\/es\/wp-json\/wp\/v2\/pages\/1229\/revisions"}],"predecessor-version":[{"id":1548,"href":"http:\/\/spanishaurum.com\/es\/wp-json\/wp\/v2\/pages\/1229\/revisions\/1548"}],"wp:attachment":[{"href":"http:\/\/spanishaurum.com\/es\/wp-json\/wp\/v2\/media?parent=1229"}],"curies":[{"name":"wp","href":"https:\/\/api.w.org\/{rel}","templated":true}]}}