{"id":186,"date":"2016-06-14T10:59:10","date_gmt":"2016-06-14T10:59:10","guid":{"rendered":"http:\/\/spanishaurum.com\/?page_id=186"},"modified":"2020-12-07T19:20:14","modified_gmt":"2020-12-07T19:20:14","slug":"product-catalog","status":"publish","type":"page","link":"http:\/\/spanishaurum.com\/es\/product-catalog\/","title":{"rendered":"Cat\u00e1logo de productos"},"content":{"rendered":"<section class=\"wpb-content-wrapper\"><p>[vc_row full_width=&#8221;stretch_row&#8221; css_animation=&#8221;fadeIn&#8221; inverse=&#8221;&#8221;][vc_column]<div class=\"sc_section margin_top_small margin_bottom_medium\"><div class=\"sc_section_inner\"><div class=\"sc_section_content_wrap\"><\/div><\/div><\/div>[vc_row_inner el_id=&#8221;catalog&#8221;][vc_column_inner width=&#8221;1\/4&#8243;]<figure class=\"sc_image  sc_image_shape_square image-border \"><img src=\"http:\/\/spanishaurum.com\/wp-content\/uploads\/2016\/06\/natural-evoo-1.jpg\" alt=\"\" \/><\/figure>[vc_column_text]<\/p>\n<h2 style=\"text-align: center;\">AOVE\u00a0\u00ab Selecci\u00f3n \u00bb<\/h2>\n<p>[\/vc_column_text][vc_column_text]<\/p>\n<p style=\"text-align: center;\">Selecto <strong>Coupage con predominio de Picual, cosechado en la Subb\u00e9tica\u00a0<\/strong><strong>Cordobesa<\/strong>. Buscando siempre un equilibrio intenso para un producto con personalidad.<\/p>\n<p style=\"text-align: center;\"><strong>Pedido m\u00ednimo: 4 cajas de 12 botellas.<\/strong><\/p>\n<p style=\"text-align: center;\"><strong>Botella de cristal d\u00f3rica de 500 ml.<\/strong><\/p>\n<p>[\/vc_column_text][vc_column_text css=&#8221;.vc_custom_1558462298577{margin-top: 15px !important;padding-top: 9px !important;padding-right: 9px !important;padding-bottom: 9px !important;padding-left: 9px !important;background-color: #ffcf00 !important;}&#8221;]<\/p>\n<p style=\"text-align: center;\">\u20ac 25,00 \/ caja<\/p>\n<p>[\/vc_column_text][\/vc_column_inner][vc_column_inner width=&#8221;1\/4&#8243;]<figure class=\"sc_image  sc_image_shape_square image-border \"><img src=\"http:\/\/spanishaurum.com\/wp-content\/uploads\/2016\/06\/organic-evoo-1.jpg\" alt=\"\" \/><\/figure>[vc_column_text]<\/p>\n<h2 style=\"text-align: center;\">AOVE\u00a0\u00ab\u00a0Ecol\u00f3gico \u00bb<\/h2>\n<p>[\/vc_column_text][vc_column_text]<\/p>\n<p style=\"text-align: center;\">Olivares certificados de Andaluc\u00eda que en su estado natural no han recibido ning\u00fan tratamiento artificial.\u00a0<strong>Coupage selecto de Arbequina, Hojiblanca y\u00a0<\/strong><strong>Picuda<\/strong>. Todo el aroma y el sabor original de anta\u00f1o.<\/p>\n<p style=\"text-align: center;\"><strong>Pedido m\u00ednimo:\u00a0Cons\u00faltenos.<\/strong><\/p>\n<p style=\"text-align: center;\"><strong>Botella de cristal\u00a0Argos (edici\u00f3n limitada)\u00a0de 500 ml.<\/strong><\/p>\n<p>[\/vc_column_text][vc_column_text css=&#8221;.vc_custom_1558459604166{margin-top: 15px !important;padding-top: 9px !important;padding-right: 9px !important;padding-bottom: 9px !important;padding-left: 9px !important;background-color: #ffcf00 !important;}&#8221;]<\/p>\n<p style=\"text-align: center;\">\u20ac Cons\u00faltenos<\/p>\n<p>[\/vc_column_text][\/vc_column_inner][vc_column_inner width=&#8221;1\/4&#8243;]<figure class=\"sc_image  sc_image_shape_square image-border \"><img src=\"http:\/\/spanishaurum.com\/wp-content\/uploads\/2016\/06\/premium-evoo-2.jpg\" alt=\"\" \/><\/figure>[vc_column_text]<\/p>\n<h2 style=\"text-align: center;\">AOVE\u00a0\u00ab Premium \u00bb<\/h2>\n<p>[\/vc_column_text][vc_column_text]<\/p>\n<p class=\"p1\" style=\"text-align: center;\"><span class=\"s1\">AOVE Gourmet de cosecha temprana, reci\u00e9n exprimido. Sin filtrar.\u00a0<\/span><span class=\"s1\">Sabor afrutado intenso aceituna verde fresca.\u00a0<\/span><span class=\"s1\">Dulce de entrada, con moderado amargo y picante en progresi\u00f3n.\u00a0R<\/span><span class=\"s1\">ecomendable para su uso en crudo, tanto para tostadas como en ensaladas y otros aderezos en fr\u00edo.<\/span><\/p>\n<p style=\"text-align: center;\"><strong>Pedido m\u00ednimo: 4 cajas de 12 botellas.<\/strong><\/p>\n<p style=\"text-align: center;\"><strong>Botella de cristal d\u00f3rica de 500 ml.<\/strong><\/p>\n<p>[\/vc_column_text][vc_column_text css=&#8221;.vc_custom_1558462322949{margin-top: 15px !important;padding-top: 9px !important;padding-right: 9px !important;padding-bottom: 9px !important;padding-left: 9px !important;background-color: #ffcf00 !important;}&#8221;]<\/p>\n<p style=\"text-align: center;\">\u20ac 32,00 \/ Caja<\/p>\n<p>[\/vc_column_text][\/vc_column_inner][vc_column_inner width=&#8221;1\/4&#8243;]<figure class=\"sc_image  sc_image_shape_square image-border \"><img src=\"http:\/\/spanishaurum.com\/wp-content\/uploads\/2016\/06\/premium-evoo-250.jpg\" alt=\"\" \/><\/figure>[vc_column_text]<\/p>\n<h2 style=\"text-align: center;\">AOVE\u00a0\u00ab Premium \u00bb<\/h2>\n<p>[\/vc_column_text][vc_column_text]<\/p>\n<p style=\"text-align: center;\"><strong>AOVE gourmet<\/strong> procedente de aceituna temprana, donde todo el sabor y aroma de la fruta verde estallan en equilibrio ante nuestros sentidos.\u00a0<strong>Coupage de Picuda y Picual<\/strong>, una combinaci\u00f3n irreprochable, para un producto \u00fanico.<\/p>\n<p style=\"text-align: center;\"><strong>Pedido m\u00ednimo:\u00a04 cajas\u00a0de\u00a012 botellas.<\/strong><\/p>\n<p style=\"text-align: center;\"><strong>Botella de cristal d\u00f3rica de 250 ml.<\/strong><\/p>\n<p>[\/vc_column_text][vc_column_text css=&#8221;.vc_custom_1558462352401{margin-top: 15px !important;padding-top: 9px !important;padding-right: 9px !important;padding-bottom: 9px !important;padding-left: 9px !important;background-color: #ffcf00 !important;}&#8221;]<\/p>\n<p style=\"text-align: center;\">\u20ac 17,75 \/ Caja<\/p>\n<p>[\/vc_column_text][\/vc_column_inner][\/vc_row_inner][vc_row_inner el_id=&#8221;catalog&#8221; css=&#8221;.vc_custom_1548154562189{margin-top: 50px !important;}&#8221;][vc_column_inner width=&#8221;1\/4&#8243;]<figure class=\"sc_image  sc_image_shape_square image-border \"><img src=\"http:\/\/spanishaurum.com\/wp-content\/uploads\/2016\/06\/saffron-glass-1gr-coupe.jpg\" alt=\"\" \/><\/figure>[vc_column_text]<\/p>\n<h2 style=\"text-align: center;\">Azafr\u00e1n espa\u00f1ol\u00a0Coup\u00e9<\/h2>\n<p>[\/vc_column_text][vc_column_text]<\/p>\n<p style=\"text-align: center;\"><strong>Azafr\u00e1n en hebras 100% puro<\/strong>. Nuestro Azafr\u00e1n es de categor\u00eda 1 que es la mas alta calidad, en hebras de color rojo muy intenso, producido y envasado en Espa\u00f1a.\u00a0<strong>Color, aroma y sabor a su m\u00e1xima potencia en un producto exclusivo.<\/strong><\/p>\n<p style=\"text-align: center;\"><strong>Pedido m\u00ednimo: 5 cajas de 24 unidades.<\/strong><\/p>\n<p style=\"text-align: center;\"><strong>Tarro de cristal de 1 gr.<\/strong><\/p>\n<p>[\/vc_column_text][vc_column_text css=&#8221;.vc_custom_1558459843190{margin-top: 15px !important;padding-top: 9px !important;padding-right: 9px !important;padding-bottom: 9px !important;padding-left: 9px !important;background-color: #ffcf00 !important;}&#8221;]<\/p>\n<p style=\"text-align: center;\">\u20ac Cons\u00faltenos<\/p>\n<p>[\/vc_column_text][\/vc_column_inner][vc_column_inner width=&#8221;1\/4&#8243;]<figure class=\"sc_image  sc_image_shape_square image-border \"><img src=\"http:\/\/spanishaurum.com\/wp-content\/uploads\/2016\/06\/saffron-glass-1gr.jpg\" alt=\"\" \/><\/figure>[vc_column_text]<\/p>\n<div class=\"wpb_text_column wpb_content_element \">\n<div class=\"wpb_wrapper\">\n<h2 style=\"text-align: center;\">Azafr\u00e1n espa\u00f1ol\u00a0Selecto<\/h2>\n<\/div>\n<\/div>\n<div class=\"wpb_text_column wpb_content_element \"><\/div>\n<p>[\/vc_column_text][vc_column_text]<\/p>\n<p style=\"text-align: center;\"><strong>Azafr\u00e1n en hebras 100% puro.<\/strong> Azafr\u00e1n de <strong>categor\u00eda 1<\/strong> de hebras rojas con algunos pistilos amarillos. Calidad \u00fanica para una joya de la gastronom\u00eda espa\u00f1ola. <strong>De \u00faltima cosecha, producido y envasado en Espa\u00f1a.<\/strong><\/p>\n<p style=\"text-align: center;\"><strong>Pedido m\u00ednimo: 5 cajas de 24 unidades.<\/strong><\/p>\n<p style=\"text-align: center;\"><strong>Tarro de cristal de 1 gr.<\/strong><\/p>\n<p>[\/vc_column_text][vc_column_text css=&#8221;.vc_custom_1607368323492{margin-top: 15px !important;padding-top: 9px !important;padding-right: 9px !important;padding-bottom: 9px !important;padding-left: 9px !important;background-color: #ffcf00 !important;}&#8221;]<\/p>\n<p style=\"text-align: center;\">\u20ac Cons\u00faltenos<\/p>\n<p>[\/vc_column_text][\/vc_column_inner][vc_column_inner width=&#8221;1\/4&#8243;]<figure class=\"sc_image  sc_image_shape_square image-border \"><img src=\"http:\/\/spanishaurum.com\/wp-content\/uploads\/2018\/12\/saffron-coupe.jpg\" alt=\"\" \/><\/figure>[vc_column_text]<\/p>\n<div class=\"wpb_text_column wpb_content_element \">\n<div class=\"wpb_wrapper\">\n<h2 style=\"text-align: center;\">Azafr\u00e1n espa\u00f1ol\u00a0Coup\u00e9<\/h2>\n<\/div>\n<\/div>\n<div class=\"wpb_text_column wpb_content_element \"><\/div>\n<p>[\/vc_column_text][vc_column_text]<\/p>\n<p style=\"text-align: center;\"><strong>Azafr\u00e1n en hebras 100% puro.<\/strong> Azafr\u00e1n de m\u00e1xima calidad en<br \/>\nhebras de color rojo muy intenso.\u00a0<strong>Lo mejor del azafr\u00e1n<\/strong> presentado en cajas de metal,<br \/>\npara mantener su calidad y pureza. Producido y envasado en Espa\u00f1a.<\/p>\n<p style=\"text-align: center;\"><strong>5 cajas de metal de 20 grs.<\/strong><\/p>\n<p>[\/vc_column_text][vc_column_text css=&#8221;.vc_custom_1558459926757{margin-top: 15px !important;padding-top: 9px !important;padding-right: 9px !important;padding-bottom: 9px !important;padding-left: 9px !important;background-color: #ffcf00 !important;}&#8221;]<\/p>\n<p style=\"text-align: center;\">\u20ac Cons\u00faltenos<\/p>\n<p>[\/vc_column_text][\/vc_column_inner][vc_column_inner width=&#8221;1\/4&#8243;]<figure class=\"sc_image  sc_image_shape_square image-border \"><img src=\"http:\/\/spanishaurum.com\/wp-content\/uploads\/2018\/12\/saffron-select.jpg\" alt=\"\" \/><\/figure>[vc_column_text]<\/p>\n<h2 style=\"text-align: center;\">Azafr\u00e1n espa\u00f1ol\u00a0Selecto<\/h2>\n<p>[\/vc_column_text][vc_column_text]<\/p>\n<p style=\"text-align: center;\"><strong>Azafr\u00e1n en hebras 100% puro.<\/strong> Azafr\u00e1n certificado de categor\u00eda I de hebras rojas con algunos pistilos amarillos. Calidad superior, presentado en cajas de metal para mantener su calidad y pureza. <strong>De \u00faltima cosecha, producido y envasado\u00a0<\/strong><strong>en Espa\u00f1a.<\/strong><\/p>\n<p style=\"text-align: center;\"><strong>5 cajas de metal de 20 grs.<\/strong><\/p>\n<p>[\/vc_column_text][vc_column_text css=&#8221;.vc_custom_1558459965293{margin-top: 15px !important;padding-top: 9px !important;padding-right: 9px !important;padding-bottom: 9px !important;padding-left: 9px !important;background-color: #ffcf00 !important;}&#8221;]<\/p>\n<p style=\"text-align: center;\">\u20ac Cons\u00faltenos<\/p>\n<p>[\/vc_column_text][\/vc_column_inner][\/vc_row_inner][vc_row_inner el_id=&#8221;catalog&#8221; css=&#8221;.vc_custom_1544443343480{margin-top: 50px !important;}&#8221;][vc_column_inner width=&#8221;1\/4&#8243;]<figure class=\"sc_image  sc_image_shape_square image-border \"><img src=\"http:\/\/spanishaurum.com\/wp-content\/uploads\/2016\/06\/saffron-iran-box.jpg\" alt=\"\" \/><\/figure>[vc_column_text]<\/p>\n<h2 style=\"text-align: center;\">Azafr\u00e1n Iran\u00ed.\u00a0Pushali (grade 1)<\/h2>\n<p>[\/vc_column_text][vc_column_text]<\/p>\n<p style=\"text-align: center;\">De la <strong>prestigiosa marca BAHRAMAN<\/strong>, producido y envasado en Ir\u00e1n. Mejor relaci\u00f3n calidad precio del mercado.<br \/>\nPresentado en lujosas cajas de metal decorado, que garantizan su aroma, color y sabor.<\/p>\n<p style=\"text-align: center;\"><strong>Caja de 250 grs.<\/strong><\/p>\n<p>[\/vc_column_text][vc_column_text css=&#8221;.vc_custom_1607368361667{margin-top: 15px !important;padding-top: 9px !important;padding-right: 9px !important;padding-bottom: 9px !important;padding-left: 9px !important;background-color: #ffcf00 !important;}&#8221;]<\/p>\n<p style=\"text-align: center;\">\u20ac Cons\u00faltenos<\/p>\n<p>[\/vc_column_text][\/vc_column_inner][vc_column_inner width=&#8221;1\/4&#8243;]<figure class=\"sc_image  sc_image_shape_square image-border \"><img src=\"http:\/\/spanishaurum.com\/wp-content\/uploads\/2016\/06\/saffron-iran-box.jpg\" alt=\"\" \/><\/figure>[vc_column_text]<\/p>\n<h2 style=\"text-align: center;\">Azafr\u00e1n iran\u00ed. Sargol (All Red)<\/h2>\n<p>[\/vc_column_text][vc_column_text]<\/p>\n<p style=\"text-align: center;\">De la\u00a0<strong>prestigiosa marca BAHRAMAN<\/strong>, producido y envasado en Ir\u00e1n. Completamente rojo.<br \/>\nPresentado en lujosas cajas de metal decorado, que garantizan su aroma, color y sabor.<\/p>\n<p style=\"text-align: center;\"><strong>Caja de 250 grs.<\/strong><\/p>\n<p>[\/vc_column_text][vc_column_text css=&#8221;.vc_custom_1607368375210{margin-top: 15px !important;padding-top: 9px !important;padding-right: 9px !important;padding-bottom: 9px !important;padding-left: 9px !important;background-color: #ffcf00 !important;}&#8221;]<\/p>\n<p style=\"text-align: center;\">\u20ac Cons\u00faltenos<\/p>\n<p>[\/vc_column_text][\/vc_column_inner][vc_column_inner width=&#8221;1\/4&#8243;]<figure class=\"sc_image  sc_image_shape_square image-border \"><img src=\"http:\/\/spanishaurum.com\/wp-content\/uploads\/2016\/06\/saffron-iran-box.jpg\" alt=\"\" \/><\/figure>[vc_column_text]<\/p>\n<h2 style=\"text-align: center;\">Azafr\u00e1n iran\u00ed. Tod Neghin (La Joya)<\/h2>\n<p>[\/vc_column_text][vc_column_text]<\/p>\n<p style=\"text-align: center;\">De la\u00a0<strong>prestigiosa marca BAHRAMAN<\/strong>, producido y envasado en Ir\u00e1n. Considerado el mejor azafr\u00e1n del mundo.<br \/>\nPresentado en lujosas cajas de metal decorado, que garantizan su aroma, color y sabor.<\/p>\n<p style=\"text-align: center;\"><strong>Caja de 250 grs.<\/strong><\/p>\n<p>[\/vc_column_text][vc_column_text css=&#8221;.vc_custom_1607368492413{margin-top: 15px !important;padding-top: 9px !important;padding-right: 9px !important;padding-bottom: 9px !important;padding-left: 9px !important;background-color: #ffcf00 !important;}&#8221;]<\/p>\n<p style=\"text-align: center;\">\u20ac Cons\u00faltenos<\/p>\n<p>[\/vc_column_text][\/vc_column_inner][vc_column_inner width=&#8221;1\/4&#8243;]<figure class=\"sc_image  sc_image_shape_square image-border \"><img src=\"http:\/\/spanishaurum.com\/wp-content\/uploads\/2016\/06\/bam-dates.jpg\" alt=\"\" \/><\/figure>[vc_column_text]<\/p>\n<h2 style=\"text-align: center;\">D\u00e1tiles de Bam<\/h2>\n<p>[\/vc_column_text][vc_column_text]<\/p>\n<p style=\"text-align: center;\">Los<strong> d\u00e1tiles Mazafati de Bam<\/strong>, el diamante negro de Persia,\u00a0sin pasteurizar y procedentes de la agricultura tradicional.<\/p>\n<p style=\"text-align: center;\"><strong>Pedido m\u00ednimo: 4 cajas.<\/strong><\/p>\n<p style=\"text-align: center;\"><strong>Caja de 18 paquetes de 350 grs.<\/strong><\/p>\n<p>[\/vc_column_text][vc_column_text css=&#8221;.vc_custom_1554928769337{margin-top: 15px !important;padding-top: 9px !important;padding-right: 9px !important;padding-bottom: 9px !important;padding-left: 9px !important;background-color: #ffcf00 !important;}&#8221;]<\/p>\n<p style=\"text-align: center;\">\u20ac 00,00 \/ Caja<\/p>\n<p>[\/vc_column_text][\/vc_column_inner][\/vc_row_inner][vc_row_inner css=&#8221;.vc_custom_1544446083633{margin-top: 50px !important;}&#8221; el_id=&#8221;catalog&#8221;][vc_column_inner width=&#8221;1\/4&#8243;]<figure class=\"sc_image  sc_image_shape_square image-border \"><img src=\"http:\/\/spanishaurum.com\/wp-content\/uploads\/2020\/12\/Bam-Dates.-copia-5.jpg-1.png\" alt=\"\" \/><\/figure>[vc_column_text]<\/p>\n<h2 style=\"text-align: center;\">D\u00e1tiles de Bam<\/h2>\n<p>[\/vc_column_text][vc_column_text]<\/p>\n<p style=\"text-align: center;\">Los<strong>\u00a0d\u00e1tiles Mazafati de Bam<\/strong>, el diamante negro de Persia,\u00a0sin pasteurizar y procedentes de la agricultura tradicional.<\/p>\n<p style=\"text-align: center;\"><strong>Pedido m\u00ednimo: 3 cajas.<\/strong><\/p>\n<p style=\"text-align: center;\"><strong>Caja de 12 paquetes de 600 grs.<\/strong><\/p>\n<p>[\/vc_column_text][vc_column_text css=&#8221;.vc_custom_1606995238952{margin-top: 15px !important;padding-top: 9px !important;padding-right: 9px !important;padding-bottom: 9px !important;padding-left: 9px !important;background-color: #ffcf00 !important;}&#8221;]<\/p>\n<p style=\"text-align: center;\">\u20ac 40,00 \/ Caja<\/p>\n<p>[\/vc_column_text][\/vc_column_inner][vc_column_inner width=&#8221;1\/4&#8243;][\/vc_column_inner][vc_column_inner width=&#8221;1\/4&#8243;][\/vc_column_inner][vc_column_inner width=&#8221;1\/4&#8243;][\/vc_column_inner][\/vc_row_inner][\/vc_column][\/vc_row][vc_row full_width=&#8221;stretch_row&#8221; inverse=&#8221;&#8221; css=&#8221;.vc_custom_1544458343607{margin-top: 60px !important;background-color: #f4f6da !important;}&#8221; el_id=&#8221;form-catalog&#8221;][vc_column][vc_column_text css=&#8221;.vc_custom_1558471392476{margin-bottom: 35px !important;}&#8221;]<\/p>\n<h2 style=\"text-align: center;\">\u00bfTE INTERESA ALGO DE NUESTRO CAT\u00c1LOGO?<\/h2>\n<p style=\"text-align: center;\">\u00a1Deja tus datos y contactaremos contigo lo antes posible!<br \/>\n<em>PRECIOS SIN IVA.\u00a0Tarifa decreciente seg\u00fan volumen.<\/em><\/p>\n<p>[\/vc_column_text][vc_row_inner el_class=&#8221;center&#8221; el_id=&#8221;contacta&#8221;][vc_column_inner]\n<div class=\"wpcf7 no-js\" id=\"wpcf7-f1340-o1\" lang=\"es-ES\" dir=\"ltr\">\n<div class=\"screen-reader-response\"><p role=\"status\" aria-live=\"polite\" aria-atomic=\"true\"><\/p> <ul><\/ul><\/div>\n<form action=\"\/es\/wp-json\/wp\/v2\/pages\/186#wpcf7-f1340-o1\" method=\"post\" class=\"wpcf7-form init\" aria-label=\"Contact form\" novalidate=\"novalidate\" data-status=\"init\">\n<div style=\"display: none;\">\n<input type=\"hidden\" name=\"_wpcf7\" value=\"1340\" \/>\n<input type=\"hidden\" name=\"_wpcf7_version\" value=\"5.7.3\" \/>\n<input type=\"hidden\" name=\"_wpcf7_locale\" value=\"es_ES\" \/>\n<input type=\"hidden\" name=\"_wpcf7_unit_tag\" value=\"wpcf7-f1340-o1\" \/>\n<input type=\"hidden\" name=\"_wpcf7_container_post\" value=\"0\" \/>\n<input type=\"hidden\" name=\"_wpcf7_posted_data_hash\" value=\"\" \/>\n<\/div>\n<p><label> Nombre y apellidos (requerido)<br \/>\n<span class=\"wpcf7-form-control-wrap\" data-name=\"your-name\"><input size=\"40\" class=\"wpcf7-form-control wpcf7-text wpcf7-validates-as-required\" aria-required=\"true\" aria-invalid=\"false\" value=\"\" type=\"text\" name=\"your-name\" \/><\/span> <\/label>\n<\/p>\n<p><label> NIF \/ CIF (requerido)<br \/>\n<span class=\"wpcf7-form-control-wrap\" data-name=\"your-nif\"><input size=\"40\" class=\"wpcf7-form-control wpcf7-text wpcf7-validates-as-required\" aria-required=\"true\" aria-invalid=\"false\" value=\"\" type=\"text\" name=\"your-nif\" \/><\/span> <\/label>\n<\/p>\n<p><label> Email (requerido)<br \/>\n<span class=\"wpcf7-form-control-wrap\" data-name=\"your-email\"><input size=\"40\" class=\"wpcf7-form-control wpcf7-text wpcf7-email wpcf7-validates-as-required wpcf7-validates-as-email\" aria-required=\"true\" aria-invalid=\"false\" value=\"\" type=\"email\" name=\"your-email\" \/><\/span> <\/label>\n<\/p>\n<p><label> Tel\u00e9fono (requerido)<br \/>\n<span class=\"wpcf7-form-control-wrap\" data-name=\"your-phone\"><input size=\"40\" class=\"wpcf7-form-control wpcf7-text wpcf7-validates-as-required\" aria-required=\"true\" aria-invalid=\"false\" value=\"\" type=\"text\" name=\"your-phone\" \/><\/span> <\/label>\n<\/p>\n<p><label> Direcci\u00f3n (requerido)<br \/>\n<span class=\"wpcf7-form-control-wrap\" data-name=\"your-address\"><input size=\"40\" class=\"wpcf7-form-control wpcf7-text\" aria-invalid=\"false\" value=\"\" type=\"text\" name=\"your-address\" \/><\/span> <\/label>\n<\/p>\n<p><label> Producto (requerido)<br \/>\n<span class=\"wpcf7-form-control-wrap\" data-name=\"your-product\"><input size=\"40\" class=\"wpcf7-form-control wpcf7-text\" aria-invalid=\"false\" value=\"\" type=\"text\" name=\"your-product\" \/><\/span> <\/label>\n<\/p>\n<p><label> Cantidad (requerido)<br \/>\n<span class=\"wpcf7-form-control-wrap\" data-name=\"your-quantity\"><input size=\"40\" class=\"wpcf7-form-control wpcf7-text\" aria-invalid=\"false\" value=\"\" type=\"text\" name=\"your-quantity\" \/><\/span> <\/label>\n<\/p>\n<p><label><span class=\"wpcf7-form-control-wrap\" data-name=\"your-consent\"><span class=\"wpcf7-form-control wpcf7-acceptance\"><span class=\"wpcf7-list-item\"><label><input type=\"checkbox\" name=\"your-consent\" value=\"1\" aria-invalid=\"false\" \/><span class=\"wpcf7-list-item-label\">He le\u00eddo y acepto las <a href=\"http:\/\/spanishaurum.com\/es\/politica-cookies-proteccion-datos\/\">Pol\u00edticas de Privacidad y Protecci\u00f3n de Datos.<\/span><\/label><\/span><\/span><\/span> He le\u00eddo y acepto las <a href=\"http:\/\/spanishaurum.com\/es\/politica-cookies-proteccion-datos\/\">Pol\u00edticas de Privacidad y Protecci\u00f3n de Datos.<\/a><br \/>\n<\/label>\n<\/p>\n<ul class=\"RGPD\">\n\t<li>\n\t\t<p>Responsable de los datos: Andalusian Soul in Orient S.L.\n\t\t<\/p>\n\t<\/li>\n\t<li>\n\t\t<p>Finalidad de los datos: Solicitud de informaci\u00f3n requerida por el usuario.\n\t\t<\/p>\n\t<\/li>\n\t<li>\n\t\t<p>Destinatarios: No se ceder\u00e1n datos a terceros.\n\t\t<\/p>\n\t<\/li>\n<\/ul>\n<p><input class=\"wpcf7-form-control has-spinner wpcf7-submit\" type=\"submit\" value=\"Enviar\" \/>\n<\/p><div class=\"wpcf7-response-output\" aria-hidden=\"true\"><\/div>\n<\/form>\n<\/div>\n[\/vc_column_inner][\/vc_row_inner][\/vc_column][\/vc_row]<\/p>\n<\/section>","protected":false},"excerpt":{"rendered":"<p>[vc_row full_width=&#8221;stretch_row&#8221; css_animation=&#8221;fadeIn&#8221; inverse=&#8221;&#8221;][vc_column][vc_row_inner el_id=&#8221;catalog&#8221;][vc_column_inner width=&#8221;1\/4&#8243;][vc_column_text] AOVE\u00a0\u00ab Selecci\u00f3n \u00bb [\/vc_column_text][vc_column_text] Selecto Coupage con predominio de Picual, cosechado en la Subb\u00e9tica\u00a0Cordobesa. Buscando siempre un equilibrio intenso para un producto con personalidad. [&hellip;]<\/p>\n","protected":false},"author":1,"featured_media":0,"parent":0,"menu_order":0,"comment_status":"closed","ping_status":"closed","template":"","meta":[],"_links":{"self":[{"href":"http:\/\/spanishaurum.com\/es\/wp-json\/wp\/v2\/pages\/186"}],"collection":[{"href":"http:\/\/spanishaurum.com\/es\/wp-json\/wp\/v2\/pages"}],"about":[{"href":"http:\/\/spanishaurum.com\/es\/wp-json\/wp\/v2\/types\/page"}],"author":[{"embeddable":true,"href":"http:\/\/spanishaurum.com\/es\/wp-json\/wp\/v2\/users\/1"}],"replies":[{"embeddable":true,"href":"http:\/\/spanishaurum.com\/es\/wp-json\/wp\/v2\/comments?post=186"}],"version-history":[{"count":191,"href":"http:\/\/spanishaurum.com\/es\/wp-json\/wp\/v2\/pages\/186\/revisions"}],"predecessor-version":[{"id":1614,"href":"http:\/\/spanishaurum.com\/es\/wp-json\/wp\/v2\/pages\/186\/revisions\/1614"}],"wp:attachment":[{"href":"http:\/\/spanishaurum.com\/es\/wp-json\/wp\/v2\/media?parent=186"}],"curies":[{"name":"wp","href":"https:\/\/api.w.org\/{rel}","templated":true}]}}