{"id":219,"date":"2016-06-15T12:38:13","date_gmt":"2016-06-15T12:38:13","guid":{"rendered":"http:\/\/spanishaurum.com\/?page_id=219"},"modified":"2019-05-24T11:01:01","modified_gmt":"2019-05-24T11:01:01","slug":"homepage-1","status":"publish","type":"page","link":"http:\/\/spanishaurum.com\/es\/","title":{"rendered":"Inicio"},"content":{"rendered":"<section class=\"wpb-content-wrapper\"><p>[vc_row full_width=&#8221;stretch_row&#8221; css=&#8221;.vc_custom_1506070040630{background-color: #606c2a !important;}&#8221; el_id=&#8221;highlights&#8221;][vc_column][vc_empty_space height=&#8221;50px&#8221;][vc_row_inner][vc_column_inner width=&#8221;1\/3&#8243;][vc_single_image image=&#8221;722&#8243; img_size=&#8221;full&#8221; alignment=&#8221;center&#8221;]<h2 class=\"sc_title sc_title_regular sc_align_center\" style=\"text-align:center;\">Cientos de a\u00f1os de historia<\/h2><div class=\"sc_line sc_line_position_center_center sc_line_style_solid margin_right_huge margin_left_huge\" style=\"width:50%;border-top-style:solid;border-top-color:#ffffff;\"><\/div>[vc_column_text]<\/p>\n<p style=\"text-align: center;\">Nuestros antepasados han cuidado de esta tierra y han sembrado y seleccionado los mejores Olivares.<\/p>\n<p>[\/vc_column_text][\/vc_column_inner][vc_column_inner width=&#8221;1\/3&#8243;][vc_single_image image=&#8221;724&#8243; img_size=&#8221;full&#8221; alignment=&#8221;center&#8221;]<h2 class=\"sc_title sc_title_regular sc_align_center\" style=\"text-align:center;\">La m\u00e1s alta calidad<\/h2><div class=\"sc_line sc_line_position_center_center sc_line_style_solid margin_right_huge margin_left_huge\" style=\"width:50%;border-top-style:solid;border-top-color:#ffffff;\"><\/div>[vc_column_text]<\/p>\n<p style=\"text-align: center;\">Desde que se recoge la aceituna en los campos en su justo punto de maduracion, hasta que se produce el envasado del Oliva Virgen Extra, se siguen controles para conseguir la m\u00e1xima calidad del producto.<\/p>\n<p>[\/vc_column_text][\/vc_column_inner][vc_column_inner width=&#8221;1\/3&#8243;][vc_single_image image=&#8221;725&#8243; img_size=&#8221;full&#8221; alignment=&#8221;center&#8221;]<h2 class=\"sc_title sc_title_regular sc_align_center\" style=\"text-align:center;\">Aceites exclusivos<\/h2><div class=\"sc_line sc_line_position_center_center sc_line_style_solid margin_right_huge margin_left_huge\" style=\"width:50%;border-top-style:solid;border-top-color:#ffffff;\"><\/div>[vc_column_text]<\/p>\n<p style=\"text-align: center;\">La particular calidad de nuestro aceite de oliva virgen extra, reside en las condiciones clim\u00e1ticas y agron\u00f3micas \u00fanica de nuestra tierra.<\/p>\n<p>[\/vc_column_text][\/vc_column_inner][\/vc_row_inner][vc_empty_space height=&#8221;50px&#8221;][\/vc_column][\/vc_row][vc_row full_width=&#8221;stretch_row&#8221; css=&#8221;.vc_custom_1506068787128{padding-bottom: 0.45em !important;background-color: #f9f7f2 !important;}&#8221; el_id=&#8221;otherfood&#8221;][vc_column]<div class=\"sc_section margin_top_null margin_bottom_small\"><div class=\"sc_section_image\" style=\"background-color: #f9f7f2\"><img class=\"wp-post-image\" width=\"63\" height=\"46\" alt=\"Depositphotos_5896747_original.png\" src=\"http:\/\/spanishaurum.com\/wp-content\/uploads\/2016\/06\/Depositphotos_5896747_original-63x46.png\"><\/div><div class=\"sc_section_inner\"><div class=\"sc_section_content_wrap\">[vc_empty_space height=&#8221;0.5em&#8221;]<h2 class=\"sc_title sc_title_regular sc_align_center margin_top_huge\" style=\"text-align:center;\">Nuestros Productos<\/h2>[vc_empty_space height=&#8221;2em&#8221;][vc_row_inner][vc_column_inner width=&#8221;1\/4&#8243;][vc_single_image image=&#8221;1584&#8243; img_size=&#8221;full&#8221;]<h3 class=\"sc_title sc_title_regular sc_align_center\" style=\"text-align:center;\">Aceite<\/h3>[\/vc_column_inner][vc_column_inner width=&#8221;1\/4&#8243;][vc_single_image image=&#8221;1586&#8243; img_size=&#8221;full&#8221;]<h3 class=\"sc_title sc_title_regular sc_align_center\" style=\"text-align:center;\">Azafr\u00e1n espa\u00f1ol<\/h3>[\/vc_column_inner][vc_column_inner width=&#8221;1\/4&#8243;][vc_single_image image=&#8221;1587&#8243; img_size=&#8221;full&#8221;]<h3 class=\"sc_title sc_title_regular sc_align_center\" style=\"text-align:center;\">Azafr\u00e1n iran\u00ed<\/h3>[\/vc_column_inner][vc_column_inner width=&#8221;1\/4&#8243;][vc_single_image image=&#8221;1588&#8243; img_size=&#8221;full&#8221;]<h3 class=\"sc_title sc_title_regular sc_align_center\" style=\"text-align:center;\">D\u00e1tiles iran\u00edes<\/h3>[\/vc_column_inner][\/vc_row_inner]<\/div><\/div><\/div>[vc_empty_space][\/vc_column][\/vc_row][vc_row full_width=&#8221;stretch_row&#8221; inverse=&#8221;&#8221; css=&#8221;.vc_custom_1506077650631{padding-top: 4.4em !important;padding-bottom: 5.2em !important;background-image: url(http:\/\/spanishaurum.com\/wp-content\/uploads\/2016\/06\/bg_poem.jpg?id=742) !important;}&#8221; el_id=&#8221;feelspanishaurum&#8221;][vc_column][vc_single_image image=&#8221;745&#8243; img_size=&#8221;full&#8221; alignment=&#8221;center&#8221;]<h1 class=\"sc_title sc_title_regular sc_align_center margin_top_huge margin_bottom_huge\" style=\"line-height:1.2;text-align:center;color:#a7ba3d;\">Siente\u00a0Spanish Aurum, empresa exportadora de productos andaluces<\/h1>[vc_column_text]<\/p>\n<p style=\"text-align: center;\">Desde el coraz\u00f3n de Andaluc\u00eda, donde la historia ha modelado la silueta de sus campos de olivos como un\u00a0mar ondulante con sabor eterno.<\/p>\n<p>[\/vc_column_text][\/vc_column][\/vc_row][vc_row full_width=&#8221;stretch_row&#8221; inverse=&#8221;&#8221; css=&#8221;.vc_custom_1506071390095{padding-top: 2.4em !important;padding-bottom: 0.55em !important;background-image: url(http:\/\/spanishaurum.com\/wp-content\/uploads\/2016\/06\/bg_benefits-1.jpg?id=775) !important;background-position: center !important;background-repeat: no-repeat !important;background-size: cover !important;}&#8221; el_id=&#8221;benefits&#8221;][vc_column]<div class=\"sc_section margin_top_huge margin_bottom_huge\"><div class=\"sc_section_inner\"><div class=\"sc_section_content_wrap\"><h2 class=\"sc_title sc_title_regular sc_align_center\" style=\"text-align:center;color:#3b2314;font-size:48px;\">Aceite y Salud<\/h2>[vc_row_inner][vc_column_inner width=&#8221;1\/3&#8243;]<h3 class=\"sc_title sc_title_regular\">Oncolog\u00eda m\u00e9dica<\/h3>[vc_column_text]Los componentes del aceite de oliva pueden disminuir el riesgo de c\u00e1ncer de pecho y su recurrencia.[\/vc_column_text]<div class=\"sc_line sc_line_position_center_center sc_line_style_dotted\" style=\"border-top-style:dotted;border-top-color:#99a54c;\"><\/div><h3 class=\"sc_title sc_title_regular\">Sistema digestivo<\/h3>[vc_column_text]El aceite de oliva ha demostrado su poder para reducir los niveles de obesidad a pesar de las calor\u00edas que contiene.[\/vc_column_text]<div class=\"sc_line sc_line_position_center_center sc_line_style_dotted\" style=\"border-top-style:dotted;border-top-color:#99a54c;\"><\/div><h3 class=\"sc_title sc_title_regular\">Enfermedades cardiovasculares<\/h3>[vc_column_text]El aceite de oliva puede reducir el riesgo de ataques al coraz\u00f3n y tambi\u00e9n mejorar la circulaci\u00f3n sangu\u00ednea.[\/vc_column_text][\/vc_column_inner][vc_column_inner width=&#8221;1\/3&#8243;][\/vc_column_inner][vc_column_inner width=&#8221;1\/3&#8243;]<h3 class=\"sc_title sc_title_regular\">Est\u00e9tica y cuidado de la piel<\/h3>[vc_column_text]El aceite de oliva es bien conocido por sus propiedades antioxidantes y de hidrataci\u00f3n de la piel.[\/vc_column_text]<div class=\"sc_line sc_line_position_center_center sc_line_style_dotted\" style=\"border-top-style:dotted;border-top-color:#99a54c;\"><\/div><h3 class=\"sc_title sc_title_regular\">Mejora tu memoria<\/h3>[vc_column_text]Los antioxidantes del aceite de oliva ayudan a revertir las deficiencias relacionadas con la p\u00e9rdida de memoria.[\/vc_column_text]<div class=\"sc_line sc_line_position_center_center sc_line_style_dotted\" style=\"border-top-style:dotted;border-top-color:#99a54c;\"><\/div><h3 class=\"sc_title sc_title_regular\">Reduce los niveles de colesterol<\/h3>[vc_column_text]Los beneficios para la salud del aceite de oliva incluyen el ayudar a equilibrar los niveles de colesterol.[\/vc_column_text][\/vc_column_inner][\/vc_row_inner]<\/div><\/div><\/div>[\/vc_column][\/vc_row][vc_row full_width=&#8221;stretch_row&#8221; inverse=&#8221;&#8221; css=&#8221;.vc_custom_1511891067854{padding-top: 4.4em !important;padding-bottom: 5.2em !important;background-image: url(http:\/\/spanishaurum.com\/wp-content\/uploads\/2016\/06\/bg_logistic.jpg?id=780) !important;background-position: center !important;background-repeat: no-repeat !important;background-size: cover !important;}&#8221; el_id=&#8221;evoo&#8221;][vc_column][vc_single_image image=&#8221;745&#8243; img_size=&#8221;full&#8221; alignment=&#8221;center&#8221;][vc_column_text]<\/p>\n<h2 style=\"text-align: center;\">Aove Ecol\u00f3gico Certificado<\/h2>\n<p style=\"text-align: center;\">Creemos que es hora de producir alimentos en armon\u00eda con la naturaleza, de manera sostenible y que agradece nuestro organismo. Por ello, apostamos por nuestro producto estrella, Aove ecol\u00f3gico certificado, donde el fruto madura como lo hizo siempre, sin qu\u00edmicos ni tratamientos artificiales.<\/p>\n<p>[\/vc_column_text][\/vc_column][\/vc_row][vc_row full_width=&#8221;stretch_row&#8221; inverse=&#8221;&#8221; css=&#8221;.vc_custom_1511891215453{padding-top: 4.4em !important;padding-bottom: 5.2em !important;background-color: #606c2a !important;background-position: center !important;background-repeat: no-repeat !important;background-size: cover !important;}&#8221; el_id=&#8221;miscellaneus&#8221;][vc_column][vc_single_image image=&#8221;745&#8243; img_size=&#8221;full&#8221; alignment=&#8221;center&#8221;][vc_column_text]<\/p>\n<p style=\"text-align: center;\">Nuestra larga experiencia en la producci\u00f3n, manipulaci\u00f3n, envasado y distribuci\u00f3n de aceite de oliva, nos permite asesorar a otras empresas en su introducci\u00f3n en este sector, mediante la implantaci\u00f3n de sistemas de embotellado para su distribuci\u00f3n.<\/p>\n<p style=\"text-align: center;\">Ofrecemos la distribuci\u00f3n de :\u00a0Botellas de vidrio de alta calidad\u00a0(<a href=\"http:\/\/spanishaurum.com\/wp-content\/uploads\/2017\/10\/catalogovidrio1.pdf\" target=\"blank\" rel=\"noopener noreferrer\">ver cat\u00e1logo 1<\/a>,\u00a0<a href=\"http:\/\/spanishaurum.com\/wp-content\/uploads\/2017\/10\/catalogovidrio2.pdf\" target=\"blank\" rel=\"noopener noreferrer\">ver cat\u00e1logo 2<\/a>),\u00a0embotelladoras o\u00a0rellenadoras, taponadoras, etiquetadoras, embaladoras y transportadoras.<\/p>\n<p>[\/vc_column_text][\/vc_column][\/vc_row]<\/p>\n<\/section>","protected":false},"excerpt":{"rendered":"<p>[vc_row full_width=&#8221;stretch_row&#8221; css=&#8221;.vc_custom_1506070040630{background-color: #606c2a !important;}&#8221; el_id=&#8221;highlights&#8221;][vc_column][vc_empty_space height=&#8221;50px&#8221;][vc_row_inner][vc_column_inner width=&#8221;1\/3&#8243;][vc_single_image image=&#8221;722&#8243; img_size=&#8221;full&#8221; alignment=&#8221;center&#8221;][vc_column_text] Nuestros antepasados han cuidado de esta tierra y han sembrado y seleccionado los mejores Olivares. [\/vc_column_text][\/vc_column_inner][vc_column_inner width=&#8221;1\/3&#8243;][vc_single_image image=&#8221;724&#8243; img_size=&#8221;full&#8221; [&hellip;]<\/p>\n","protected":false},"author":1,"featured_media":0,"parent":0,"menu_order":0,"comment_status":"closed","ping_status":"closed","template":"","meta":[],"_links":{"self":[{"href":"http:\/\/spanishaurum.com\/es\/wp-json\/wp\/v2\/pages\/219"}],"collection":[{"href":"http:\/\/spanishaurum.com\/es\/wp-json\/wp\/v2\/pages"}],"about":[{"href":"http:\/\/spanishaurum.com\/es\/wp-json\/wp\/v2\/types\/page"}],"author":[{"embeddable":true,"href":"http:\/\/spanishaurum.com\/es\/wp-json\/wp\/v2\/users\/1"}],"replies":[{"embeddable":true,"href":"http:\/\/spanishaurum.com\/es\/wp-json\/wp\/v2\/comments?post=219"}],"version-history":[{"count":107,"href":"http:\/\/spanishaurum.com\/es\/wp-json\/wp\/v2\/pages\/219\/revisions"}],"predecessor-version":[{"id":1591,"href":"http:\/\/spanishaurum.com\/es\/wp-json\/wp\/v2\/pages\/219\/revisions\/1591"}],"wp:attachment":[{"href":"http:\/\/spanishaurum.com\/es\/wp-json\/wp\/v2\/media?parent=219"}],"curies":[{"name":"wp","href":"https:\/\/api.w.org\/{rel}","templated":true}]}}