{"id":267,"date":"2016-06-16T08:09:45","date_gmt":"2016-06-16T08:09:45","guid":{"rendered":"http:\/\/spanishaurum.com\/?page_id=267"},"modified":"2018-04-09T11:01:52","modified_gmt":"2018-04-09T11:01:52","slug":"spanish-aurum","status":"publish","type":"page","link":"http:\/\/spanishaurum.com\/es\/spanish-aurum\/","title":{"rendered":"La empresa"},"content":{"rendered":"<section class=\"wpb-content-wrapper\"><p>[vc_row full_width=&#8221;stretch_row&#8221; inverse=&#8221;&#8221; css=&#8221;.vc_custom_1508142173555{background-color: #f7f4d5 !important;}&#8221; el_class=&#8221;laempresa&#8221;][vc_column]<div class=\"sc_section margin_top_small margin_bottom_huge\"><div class=\"sc_section_inner\"><div class=\"sc_section_content_wrap\"><h2 class=\"sc_title sc_title_regular sc_align_center margin_top_null\" style=\"text-align:center;color:#000000;\">Nuestra historia<\/h2><div class=\"columns_wrap sc_columns columns_nofluid sc_columns_count_2 margin_top_small\"><div class=\"column-1_2 sc_column_item sc_column_item_1 odd first\">[vc_column_text]Desde el coraz\u00f3n de Andaluc\u00eda, donde el paso del tiempo y de distintas culturas (fenicios, griegos, romanos, musulmanes, cristianos, etc.) han dibujado en la silueta de sus campos un ondulado mar de olivos con sabor a eternidad, nace este proyecto: Spanishaurum.[\/vc_column_text]<\/div><div class=\"column-1_2 sc_column_item sc_column_item_2 even\">[vc_column_text]<\/p>\n<p class=\"p1\"><span class=\"s1\">Cientos de a\u00f1os de historia,\u00a0durante los que nuestros antepasados han cuidado esta tierra y han sembrado y seleccionado los mejores olivares, avalan un legado del que hoy somos herederos.<\/span><\/p>\n<p>[\/vc_column_text]<\/div><\/div><\/div><\/div><\/div>[\/vc_column][\/vc_row][vc_row full_width=&#8221;stretch_row&#8221; css=&#8221;.vc_custom_1508152364135{padding-top: 100px !important;padding-bottom: 100px !important;background-image: url(http:\/\/spanishaurum.com\/wp-content\/uploads\/2016\/06\/banner_company.jpg?id=847) !important;background-position: center !important;background-repeat: no-repeat !important;background-size: cover !important;}&#8221;][vc_column][\/vc_column][\/vc_row][vc_row full_width=&#8221;stretch_row&#8221; inverse=&#8221;&#8221; css=&#8221;.vc_custom_1508151900346{margin-top: 0px !important;padding-top: 0px !important;background: #ffffff url(http:\/\/spanishaurum.com\/wp-content\/uploads\/2016\/06\/side_company.jpg?id=903) !important;background-position: center !important;background-repeat: no-repeat !important;background-size: contain !important;}&#8221; el_class=&#8221;laempresa&#8221; el_id=&#8221;sabor&#8221;][vc_column]<div class=\"sc_section margin_top_small margin_bottom_tiny\"><div class=\"sc_section_inner\"><div class=\"sc_section_content_wrap\"><h2 class=\"sc_title sc_title_regular sc_align_center margin_bottom_tiny\" style=\"text-align:center;color:#000000;\">Sabor a tradici\u00f3n<\/h2><div class=\"columns_wrap sc_columns columns_nofluid sc_columns_count_2 margin_top_tiny\"><div class=\"column-1_2 sc_column_item sc_column_item_1 odd first\"><figure class=\"sc_image  alignright sc_image_shape_square margin_top_small\"><img src=\"http:\/\/spanishaurum.com\/wp-content\/uploads\/2016\/06\/imgs_company_1.png\" alt=\"\" \/><\/figure><\/div><div class=\"column-1_2 sc_column_item sc_column_item_2 even\">[vc_column_text css=&#8221;.vc_custom_1508154350222{margin-top: 20px !important;}&#8221;]Spanishaurum nace en los campos de Andaluc\u00eda de una familia de olivocultores que tras incontables generaciones de dedicaci\u00f3n y experiencia de campo en el cultivo del olivar, destilan sabidur\u00eda y amor hacia su preciado fruto.[\/vc_column_text]<\/div><\/div><\/div><\/div><\/div>[\/vc_column][\/vc_row][vc_row full_width=&#8221;stretch_row&#8221; css=&#8221;.vc_custom_1508141555960{background-color: #ffffff !important;}&#8221; el_class=&#8221;laempresa&#8221;][vc_column]<div class=\"sc_section margin_top_tiny margin_bottom_medium\"><div class=\"sc_section_inner\"><div class=\"sc_section_content_wrap\"><h2 class=\"sc_title sc_title_regular sc_align_center\" style=\"text-align:center;\">Legado y progreso<\/h2><div class=\"columns_wrap sc_columns columns_nofluid sc_columns_count_2 margin_top_small\"><div class=\"column-1_2 sc_column_item sc_column_item_1 odd first\"><figure class=\"sc_image  alignright sc_image_shape_square margin_top_tiny\"><img src=\"http:\/\/spanishaurum.com\/wp-content\/uploads\/2016\/06\/img_company_2-1.jpg\" alt=\"\" \/><\/figure><\/div><div class=\"column-1_2 sc_column_item sc_column_item_2 even\">[vc_column_text]<span class=\"s1\">Nuestro legado familiar, unido a una continua formaci\u00f3n, da como fruto una renovaci\u00f3n y adaptaci\u00f3n acorde a los tiempos.<\/span><\/p>\n<p class=\"p1\"><span class=\"s1\">Hoy, pretendemos ser nexo de conexi\u00f3n con Oriente, desde donde un d\u00eda vinieron nuestros olivos, para hacerles llegar su m\u00e1s preciado elixir, una selecci\u00f3n de los mejores aceites de oliva, oro de Espa\u00f1a.<\/span><\/p>\n<p>[\/vc_column_text]<\/div><\/div><\/div><\/div><\/div>[\/vc_column][\/vc_row][vc_row full_width=&#8221;stretch_row&#8221; inverse=&#8221;&#8221; css=&#8221;.vc_custom_1508148099660{padding-top: 10px !important;padding-bottom: 300px !important;background-image: url(http:\/\/spanishaurum.com\/wp-content\/uploads\/2016\/06\/bg_bottom_company-1.jpg?id=882) !important;background-position: center !important;background-repeat: no-repeat !important;background-size: contain !important;}&#8221; el_id=&#8221;bg_bottom_company&#8221;][vc_column][\/vc_column][\/vc_row]<\/p>\n<\/section>","protected":false},"excerpt":{"rendered":"<p>[vc_row full_width=&#8221;stretch_row&#8221; inverse=&#8221;&#8221; css=&#8221;.vc_custom_1508142173555{background-color: #f7f4d5 !important;}&#8221; el_class=&#8221;laempresa&#8221;][vc_column][\/vc_column][\/vc_row][vc_row full_width=&#8221;stretch_row&#8221; css=&#8221;.vc_custom_1508152364135{padding-top: 100px !important;padding-bottom: 100px !important;background-image: url(http:\/\/spanishaurum.com\/wp-content\/uploads\/2016\/06\/banner_company.jpg?id=847) !important;background-position: center !important;background-repeat: no-repeat !important;background-size: cover !important;}&#8221;][vc_column][\/vc_column][\/vc_row][vc_row full_width=&#8221;stretch_row&#8221; inverse=&#8221;&#8221; css=&#8221;.vc_custom_1508151900346{margin-top: 0px !important;padding-top: 0px !important;background: #ffffff url(http:\/\/spanishaurum.com\/wp-content\/uploads\/2016\/06\/side_company.jpg?id=903) [&hellip;]<\/p>\n","protected":false},"author":1,"featured_media":0,"parent":0,"menu_order":0,"comment_status":"closed","ping_status":"closed","template":"","meta":[],"_links":{"self":[{"href":"http:\/\/spanishaurum.com\/es\/wp-json\/wp\/v2\/pages\/267"}],"collection":[{"href":"http:\/\/spanishaurum.com\/es\/wp-json\/wp\/v2\/pages"}],"about":[{"href":"http:\/\/spanishaurum.com\/es\/wp-json\/wp\/v2\/types\/page"}],"author":[{"embeddable":true,"href":"http:\/\/spanishaurum.com\/es\/wp-json\/wp\/v2\/users\/1"}],"replies":[{"embeddable":true,"href":"http:\/\/spanishaurum.com\/es\/wp-json\/wp\/v2\/comments?post=267"}],"version-history":[{"count":76,"href":"http:\/\/spanishaurum.com\/es\/wp-json\/wp\/v2\/pages\/267\/revisions"}],"predecessor-version":[{"id":1075,"href":"http:\/\/spanishaurum.com\/es\/wp-json\/wp\/v2\/pages\/267\/revisions\/1075"}],"wp:attachment":[{"href":"http:\/\/spanishaurum.com\/es\/wp-json\/wp\/v2\/media?parent=267"}],"curies":[{"name":"wp","href":"https:\/\/api.w.org\/{rel}","templated":true}]}}