{"id":954,"date":"2017-10-18T09:15:27","date_gmt":"2017-10-18T09:15:27","guid":{"rendered":"http:\/\/spanishaurum.com\/?page_id=954"},"modified":"2019-02-06T14:33:39","modified_gmt":"2019-02-06T14:33:39","slug":"olive-oil","status":"publish","type":"page","link":"http:\/\/spanishaurum.com\/es\/olive-oil\/","title":{"rendered":"Aceite de oliva"},"content":{"rendered":"<section class=\"wpb-content-wrapper\"><p>[vc_row full_width=&#8221;stretch_row&#8221; inverse=&#8221;&#8221; css=&#8221;.vc_custom_1508322597240{margin-top: 0px !important;padding-top: 0px !important;background: #ffffff url(http:\/\/spanishaurum.com\/wp-content\/uploads\/2017\/10\/side_elaboration.jpg?id=962) !important;background-position: center !important;background-repeat: no-repeat !important;background-size: contain !important;}&#8221; el_class=&#8221;laempresa&#8221; el_id=&#8221;process&#8221;][vc_column]<div class=\"sc_section margin_top_small margin_bottom_small\"><div class=\"sc_section_inner\"><div class=\"sc_section_content_wrap\"><h2 class=\"sc_title sc_title_regular sc_align_center margin_bottom_tiny\" style=\"text-align:center;color:#000000;\">Proceso<\/h2><div class=\"columns_wrap sc_columns columns_nofluid sc_columns_count_2 margin_top_tiny\"><div class=\"column-1_2 sc_column_item sc_column_item_1 odd first\"><figure class=\"sc_image  alignright sc_image_shape_square margin_top_small\"><img src=\"http:\/\/spanishaurum.com\/wp-content\/uploads\/2017\/10\/imgs_process_2-1.png\" alt=\"\" \/><\/figure><\/div><div class=\"column-1_2 sc_column_item sc_column_item_2 even\">[vc_column_text css=&#8221;.vc_custom_1549463616853{margin-top: 20px !important;}&#8221;]<\/p>\n<p class=\"p1\">La aceituna es transferida al molino en las seis horas siguientes a su recolecci\u00f3n. Tras la recepci\u00f3n, el inmediato triturado a una temperatura de 23\u00baC se produce para obtener una extracci\u00f3n en fr\u00edo que hace que el aceite conserve todo su aroma, sus antioxidantes naturales y su sabor \u00fanico.<br \/>\nDesde que se recoge la aceituna en los campos en su justo punto de maduraci\u00f3n, hasta que se produce el envasado del oliva virgen extra, se siguen controles para conseguir la m\u00e1xima calidad del producto.<\/p>\n<p class=\"p1\">Tipolog\u00eda de nuestros aceites:<\/p>\n<ul>\n<li class=\"p1\"><strong>AOVE (Aceite de Oliva Virgen Extra)<\/strong>: La particular calidad de nuestro aceite de oliva virgen extra, reside en las condiciones clim\u00e1ticas y agron\u00f3micas \u00fanicas de nuestra tierra; buscamos siempre un equilibrio intenso para un producto con personalidad.<\/li>\n<li class=\"p1\"><strong>BIO:<\/strong> Aceite de oliva virgen extra procedente de agricultura ecol\u00f3gica obtenido de olivares certificados de Andaluc\u00eda que en su estado natural no han recibido ning\u00fan tratamiento artificial. Todo el aroma con el sabor original de anta\u00f1o.<\/li>\n<li class=\"p1\"><strong>PREMIUM:<\/strong> AOVE Gourmet de cosecha temprana, reci\u00e9n exprimido, y de aceituna verde temprana sin filtrar, para mantener toda su esencia. <em>Coupage de Picual y Picuda<\/em>\u00a0de las sierras subb\u00e9ticas\u00a0(C\u00f3rdoba),\u00a0una combinaci\u00f3n irreprochable para un producto \u00fanico.<br \/>\nSabor afrutado intenso aceituna verde fresca, que le aporta:<\/p>\n<ul>\n<li>Notas a hierba reci\u00e9n cortada.<\/li>\n<li>Notas frutales a pl\u00e1tano y manzana.<\/li>\n<li>Notas frescas a planta arom\u00e1ticas.<\/li>\n<\/ul>\n<\/li>\n<\/ul>\n<p>En boca es dulce de entrada, con moderado amargo y picante en progresi\u00f3n. Su retrogusto recuerda claramente al pl\u00e1tano, almendra y alcachofa. Un magn\u00edfico zumo complejo y suave, recomendable para su uso en crudo, tanto para tostadas como en ensaladas y otros aderezos en fr\u00edo.[\/vc_column_text]<\/div><\/div><\/div><\/div><\/div>[\/vc_column][\/vc_row][vc_row full_width=&#8221;stretch_row&#8221; inverse=&#8221;&#8221; css=&#8221;.vc_custom_1508406870390{padding-top: 70px !important;padding-bottom: 90px !important;background-color: #556619 !important;background-position: center !important;background-repeat: no-repeat !important;background-size: cover !important;}&#8221; el_id=&#8221;highlight&#8221;][vc_column][vc_single_image image=&#8221;725&#8243; img_size=&#8221;full&#8221; alignment=&#8221;center&#8221;][vc_column_text css=&#8221;.vc_custom_1508411694670{padding-top: 10px !important;padding-bottom: 10px !important;}&#8221;]<\/p>\n<p style=\"text-align: center;\">La extracci\u00f3n en fr\u00edo\u00a0har\u00e1 que el aceite conserve todo su aroma, antioxidantes naturales y peculiar sabor<\/p>\n<p>[\/vc_column_text][\/vc_column][\/vc_row][vc_row full_width=&#8221;stretch_row&#8221; css=&#8221;.vc_custom_1508141555960{background-color: #ffffff !important;}&#8221; el_class=&#8221;laempresa&#8221;][vc_column]<div class=\"sc_section margin_top_tiny margin_bottom_medium\"><div class=\"sc_section_inner\"><div class=\"sc_section_content_wrap\"><h2 class=\"sc_title sc_title_regular sc_align_center\" style=\"text-align:center;\">Elaboraci\u00f3n<\/h2><div class=\"columns_wrap sc_columns columns_nofluid sc_columns_count_2 margin_top_small\"><div class=\"column-1_2 sc_column_item sc_column_item_1 odd first\"><figure class=\"sc_image  alignright sc_image_shape_square margin_top_null\"><img src=\"http:\/\/spanishaurum.com\/wp-content\/uploads\/2017\/10\/imgs_elaboration-1.jpg\" alt=\"\" \/><\/figure><\/div><div class=\"column-1_2 sc_column_item sc_column_item_2 even\">[vc_column_text]<\/p>\n<p class=\"p1\">La exclusividad de nuestro aceite radica en el origen de las variedades seleccionadas para la producci\u00f3n de los mismos. El rendimiento de nuestras aceitunas unido al cuidado proceso en la molturaci\u00f3n de la extracci\u00f3n en fr\u00edo, as\u00ed como un almacenamiento de los aceites en dep\u00f3sitos INOX con ausencia de ox\u00edgeno, nos lleva a conseguir el que nuestros productos les lleguen en las mejores condiciones posibles a nuestros clientes.<\/p>\n<p class=\"p1\">La particular calidad de nuestro aceite de oliva virgen extra, reside en las condiciones clim\u00e1ticas y agron\u00f3micas \u00fanica de nuestra tierra. Son estas condiciones, junto con las cualidades de las variedades seleccionadas, el trabajo riguroso y la recolecci\u00f3n temprana, las que determinan las caracter\u00edsticas organol\u00e9pticas de nuestros aceites.<br \/>\nAceites mas intensos y vigorosos, frescos, afrutados, con toques a tomate, almendra, hierba reci\u00e9n cortada con un ligero picor y amargor, textura fluida y armoniosa.<\/p>\n<p>[\/vc_column_text]<\/div><\/div><\/div><\/div><\/div>[\/vc_column][\/vc_row][vc_row full_width=&#8221;stretch_row&#8221; inverse=&#8221;&#8221; css=&#8221;.vc_custom_1508410661991{padding-top: 10px !important;padding-bottom: 300px !important;background-image: url(http:\/\/spanishaurum.com\/wp-content\/uploads\/2016\/06\/bg_bottom_company-1.jpg?id=882) !important;background-position: center !important;background-repeat: no-repeat !important;background-size: contain !important;}&#8221; el_id=&#8221;bg_bottom_company&#8221;][vc_column][\/vc_column][\/vc_row]<\/p>\n<\/section>","protected":false},"excerpt":{"rendered":"<p>[vc_row full_width=&#8221;stretch_row&#8221; inverse=&#8221;&#8221; css=&#8221;.vc_custom_1508322597240{margin-top: 0px !important;padding-top: 0px !important;background: #ffffff url(http:\/\/spanishaurum.com\/wp-content\/uploads\/2017\/10\/side_elaboration.jpg?id=962) !important;background-position: center !important;background-repeat: no-repeat !important;background-size: contain !important;}&#8221; el_class=&#8221;laempresa&#8221; el_id=&#8221;process&#8221;][vc_column][\/vc_column][\/vc_row][vc_row full_width=&#8221;stretch_row&#8221; inverse=&#8221;&#8221; css=&#8221;.vc_custom_1508406870390{padding-top: 70px !important;padding-bottom: 90px !important;background-color: #556619 !important;background-position: center !important;background-repeat: [&hellip;]<\/p>\n","protected":false},"author":2,"featured_media":0,"parent":0,"menu_order":0,"comment_status":"closed","ping_status":"closed","template":"","meta":[],"_links":{"self":[{"href":"http:\/\/spanishaurum.com\/es\/wp-json\/wp\/v2\/pages\/954"}],"collection":[{"href":"http:\/\/spanishaurum.com\/es\/wp-json\/wp\/v2\/pages"}],"about":[{"href":"http:\/\/spanishaurum.com\/es\/wp-json\/wp\/v2\/types\/page"}],"author":[{"embeddable":true,"href":"http:\/\/spanishaurum.com\/es\/wp-json\/wp\/v2\/users\/2"}],"replies":[{"embeddable":true,"href":"http:\/\/spanishaurum.com\/es\/wp-json\/wp\/v2\/comments?post=954"}],"version-history":[{"count":49,"href":"http:\/\/spanishaurum.com\/es\/wp-json\/wp\/v2\/pages\/954\/revisions"}],"predecessor-version":[{"id":1557,"href":"http:\/\/spanishaurum.com\/es\/wp-json\/wp\/v2\/pages\/954\/revisions\/1557"}],"wp:attachment":[{"href":"http:\/\/spanishaurum.com\/es\/wp-json\/wp\/v2\/media?parent=954"}],"curies":[{"name":"wp","href":"https:\/\/api.w.org\/{rel}","templated":true}]}}